{"id":1191,"date":"2022-08-16T02:18:03","date_gmt":"2022-08-16T02:18:03","guid":{"rendered":"https:\/\/shtheme.com\/demosd\/orgafewp\/?page_id=1191"},"modified":"2024-02-08T22:52:40","modified_gmt":"2024-02-08T22:52:40","slug":"contacto","status":"publish","type":"page","link":"https:\/\/hackthebread.com\/index.php\/contacto\/","title":{"rendered":"Contacto"},"content":{"rendered":"\t\t<div data-elementor-type=\"wp-page\" data-elementor-id=\"1191\" class=\"elementor elementor-1191\">\n\t\t\t\t\t\t<section class=\"elementor-section elementor-top-section elementor-element elementor-element-ee57e27 elementor-section-full_width elementor-section-height-default elementor-section-height-default\" data-id=\"ee57e27\" data-element_type=\"section\" data-e-type=\"section\">\n\t\t\t\t\t\t<div class=\"elementor-container elementor-column-gap-no\">\n\t\t\t\t\t<div class=\"elementor-column elementor-col-100 elementor-top-column elementor-element elementor-element-021d348\" data-id=\"021d348\" data-element_type=\"column\" data-e-type=\"column\">\n\t\t\t<div class=\"elementor-widget-wrap elementor-element-populated\">\n\t\t\t\t\t\t<div class=\"elementor-element elementor-element-f240aad elementor-align-left elementor-widget elementor-widget-bdevs-Breadcrumb-about\" data-id=\"f240aad\" data-element_type=\"widget\" data-e-type=\"widget\" data-widget_type=\"bdevs-Breadcrumb-about.default\">\n\t\t\t\t<div class=\"elementor-widget-container\">\n\t\t\t\t\t        <main>\r\n            <!-- breadcrumb-area-start -->\r\n            <div class=\"breadcrumb-area breadcrumb-margin pt-260 pb-180\" style=\"background-image:url(https:\/\/shtheme.com\/demosd\/orgafewp\/wp-content\/uploads\/2022\/08\/bg15-1.jpg)\">\r\n                <div class=\"container\">\r\n                    <div class=\"row\">\r\n                        <div class=\"col-xl-12\">\r\n                            <div class=\"breadcrumb-text text-center\">\r\n                                <h1>contact<\/h1>\r\n                                <ul class=\"breadcrumb-menu\">\r\n                                    <li><a href=\"index.html\">Home<\/a><\/li>\r\n                                    <li><span>contact<\/span><\/li>\r\n                                <\/ul>\r\n                            <\/div>\r\n                        <\/div>\r\n                    <\/div>\r\n                <\/div>\r\n            <\/div>\r\n            <!-- breadcrumb-area-end -->\r\n\t\t\t\t\t<\/div>\n\t\t\t\t<\/div>\n\t\t\t\t\t<\/div>\n\t\t<\/div>\n\t\t\t\t\t<\/div>\n\t\t<\/section>\n\t\t\t\t<section class=\"elementor-section elementor-top-section elementor-element elementor-element-7f16703b elementor-section-boxed elementor-section-height-default elementor-section-height-default\" data-id=\"7f16703b\" data-element_type=\"section\" data-e-type=\"section\" data-settings=\"{&quot;background_background&quot;:&quot;classic&quot;}\">\n\t\t\t\t\t\t<div class=\"elementor-container elementor-column-gap-default\">\n\t\t\t\t\t<div class=\"elementor-column elementor-col-100 elementor-top-column elementor-element elementor-element-165273b9\" data-id=\"165273b9\" data-element_type=\"column\" data-e-type=\"column\">\n\t\t\t<div class=\"elementor-widget-wrap elementor-element-populated\">\n\t\t\t\t\t\t<div class=\"elementor-element elementor-element-4d91ca83 elementor-widget elementor-widget-text-editor\" data-id=\"4d91ca83\" data-element_type=\"widget\" data-e-type=\"widget\" data-widget_type=\"text-editor.default\">\n\t\t\t\t<div class=\"elementor-widget-container\">\n\t\t\t\t\t\t\t\t\t<span>Distribuci\u00f3n y venta en M\u00e9xico por<\/span> <span style=\"text-decoration: underline;\"><a href=\"https:\/\/hazketo.com\/\">HazKeto.com<\/a><\/span>\t\t\t\t\t\t\t\t<\/div>\n\t\t\t\t<\/div>\n\t\t\t\t\t<\/div>\n\t\t<\/div>\n\t\t\t\t\t<\/div>\n\t\t<\/section>\n\t\t\t\t<section class=\"elementor-section elementor-top-section elementor-element elementor-element-4c5261f elementor-section-boxed elementor-section-height-default elementor-section-height-default\" data-id=\"4c5261f\" data-element_type=\"section\" data-e-type=\"section\">\n\t\t\t\t\t\t<div class=\"elementor-container elementor-column-gap-default\">\n\t\t\t\t\t<div class=\"elementor-column elementor-col-100 elementor-top-column elementor-element elementor-element-9980d5b\" data-id=\"9980d5b\" data-element_type=\"column\" data-e-type=\"column\">\n\t\t\t<div class=\"elementor-widget-wrap elementor-element-populated\">\n\t\t\t\t\t\t<div class=\"elementor-element elementor-element-75daf34 elementor-align-left elementor-widget elementor-widget-bdevs-Contact-contact\" data-id=\"75daf34\" data-element_type=\"widget\" data-e-type=\"widget\" data-widget_type=\"bdevs-Contact-contact.default\">\n\t\t\t\t<div class=\"elementor-widget-container\">\n\t\t\t\t\t\r\n\t\t<!-- contact-area-satrt -->\r\n            <div class=\"contact-area pt-115 pb-75\">\r\n                <div class=\"container\">\r\n                    <div class=\"row\">\r\n                        <div class=\"col-xl-6 col-lg-8 offset-lg-2 offset-xl-3\">\r\n                            <div class=\"section-title section-title-cap text-center mb-50\">\r\n                                <span>CONT\u00c1CTANOS<\/span>\r\n                                <h1>Enviar un mensaje (no tenemos tiendas f\u00edsicas)<\/h1>\r\n                            <\/div>\r\n                        <\/div>\r\n                    <\/div>\r\n                    <div class=\"row\">\r\n                        <div class=\"col-xl-4 col-lg-4 mb-30\">\r\n                            <div class=\"contact-adddress-wrapper\">\r\n                                <ul class=\"contact-list-address\">\r\n                                                                      <li>\r\n                                        <div class=\"contact-icon\">\r\n                                            <i class=\"dripicons-mail\"><\/i>\r\n                                        <\/div>\r\n                                        <div class=\"contact-address-text\">\r\n                                            <h5>email<\/h5>\r\n                                            <p>hola ((arroba)) hackthebread.com <br>\n                           <\/p>\r\n                                        <\/div>\r\n                                    <\/li>\r\n                                                                      <\/ul>\r\n\r\n                            <\/div>\r\n                        <\/div>\r\n                        <div class=\"col-xl-8 col-lg-8 mb-30\">\r\n                            <div class=\"row\">\r\n                                <div class=\"col-xl-12\">\r\n                                    \n<div class=\"wpcf7 no-js\" id=\"wpcf7-f357-o1\" lang=\"en-US\" dir=\"ltr\" data-wpcf7-id=\"357\">\n<div class=\"screen-reader-response\"><p role=\"status\" aria-live=\"polite\" aria-atomic=\"true\"><\/p> <ul><\/ul><\/div>\n<form action=\"\/index.php\/wp-json\/wp\/v2\/pages\/1191#wpcf7-f357-o1\" method=\"post\" class=\"wpcf7-form init\" aria-label=\"Contact form\" novalidate=\"novalidate\" data-status=\"init\">\n<fieldset class=\"hidden-fields-container\"><input type=\"hidden\" name=\"_wpcf7\" value=\"357\" \/><input type=\"hidden\" name=\"_wpcf7_version\" value=\"6.1.5\" \/><input type=\"hidden\" name=\"_wpcf7_locale\" value=\"en_US\" \/><input type=\"hidden\" name=\"_wpcf7_unit_tag\" value=\"wpcf7-f357-o1\" \/><input type=\"hidden\" name=\"_wpcf7_container_post\" value=\"0\" \/><input type=\"hidden\" name=\"_wpcf7_posted_data_hash\" value=\"\" \/><input type=\"hidden\" name=\"_wpcf7_recaptcha_response\" value=\"\" \/>\n<\/fieldset>\n<div id=\"contact-form\">\n\t<div class=\"row\">\n\t\t<div class=\"col-xl-6 col-md-6\">\n\t\t\t<p><span class=\"wpcf7-form-control-wrap\" data-name=\"your-name\"><input size=\"40\" maxlength=\"400\" class=\"wpcf7-form-control wpcf7-text wpcf7-validates-as-required\" aria-required=\"true\" aria-invalid=\"false\" placeholder=\"Nombre:\" value=\"\" type=\"text\" name=\"your-name\" \/><\/span>\n\t\t\t<\/p>\n\t\t<\/div>\n\t\t<div class=\"col-xl-6 col-md-6\">\n\t\t\t<p><span class=\"wpcf7-form-control-wrap\" data-name=\"your-email\"><input size=\"40\" maxlength=\"400\" class=\"wpcf7-form-control wpcf7-email wpcf7-validates-as-required wpcf7-text wpcf7-validates-as-email\" aria-required=\"true\" aria-invalid=\"false\" placeholder=\"Email:\" value=\"\" type=\"email\" name=\"your-email\" \/><\/span>\n\t\t\t<\/p>\n\t\t<\/div>\n\t\t<div class=\"col-xl-6 col-md-6\">\n\t\t\t<p><span class=\"wpcf7-form-control-wrap\" data-name=\"your-phone\"><input size=\"40\" maxlength=\"400\" class=\"wpcf7-form-control wpcf7-text wpcf7-validates-as-required\" aria-required=\"true\" aria-invalid=\"false\" placeholder=\"Tel\u00e9fono:\" value=\"\" type=\"text\" name=\"your-phone\" \/><\/span>\n\t\t\t<\/p>\n\t\t<\/div>\n\t\t<div class=\"col-xl-6 col-md-6\">\n\t\t\t<p><span class=\"wpcf7-form-control-wrap\" data-name=\"your-subject\"><input size=\"40\" maxlength=\"400\" class=\"wpcf7-form-control wpcf7-text wpcf7-validates-as-required\" aria-required=\"true\" aria-invalid=\"false\" placeholder=\"Asunto:\" value=\"\" type=\"text\" name=\"your-subject\" \/><\/span>\n\t\t\t<\/p>\n\t\t<\/div>\n\t\t<div class=\"col-md-12\">\n\t\t\t<p><span class=\"wpcf7-form-control-wrap\" data-name=\"your-message\"><textarea cols=\"40\" rows=\"10\" maxlength=\"2000\" class=\"wpcf7-form-control wpcf7-textarea wpcf7-validates-as-required\" aria-required=\"true\" aria-invalid=\"false\" placeholder=\"Mensaje:\" name=\"your-message\"><\/textarea><\/span><br \/>\n<input class=\"wpcf7-form-control wpcf7-submit has-spinner btn\" type=\"submit\" value=\"ENVIAR\" \/>\n\t\t\t<\/p>\n\t\t<\/div>\n\t<\/div>\n<\/div><div class=\"wpcf7-response-output\" aria-hidden=\"true\"><\/div>\n<\/form>\n<\/div>\n                                <\/div>\r\n                            <\/div>\r\n                        <\/div>\r\n                    <\/div>\r\n                <\/div>\r\n            <\/div>\r\n            <!-- contact-area-satrt -->\r\n\t\t\t\t\t<\/div>\n\t\t\t\t<\/div>\n\t\t\t\t\t<\/div>\n\t\t<\/div>\n\t\t\t\t\t<\/div>\n\t\t<\/section>\n\t\t\t\t<\/div>\n\t\t","protected":false},"excerpt":{"rendered":"<p>contact Home contact Distribuci\u00f3n y venta en M\u00e9xico por HazKeto.com CONT\u00c1CTANOS Enviar un mensaje (no tenemos tiendas f\u00edsicas) email hola ((arroba)) hackthebread.com<\/p>\n","protected":false},"author":2,"featured_media":0,"parent":0,"menu_order":0,"comment_status":"closed","ping_status":"closed","template":"page-templates\/home3.php","meta":{"footnotes":""},"class_list":["post-1191","page","type-page","status-publish","hentry"],"_links":{"self":[{"href":"https:\/\/hackthebread.com\/index.php\/wp-json\/wp\/v2\/pages\/1191","targetHints":{"allow":["GET"]}}],"collection":[{"href":"https:\/\/hackthebread.com\/index.php\/wp-json\/wp\/v2\/pages"}],"about":[{"href":"https:\/\/hackthebread.com\/index.php\/wp-json\/wp\/v2\/types\/page"}],"author":[{"embeddable":true,"href":"https:\/\/hackthebread.com\/index.php\/wp-json\/wp\/v2\/users\/2"}],"replies":[{"embeddable":true,"href":"https:\/\/hackthebread.com\/index.php\/wp-json\/wp\/v2\/comments?post=1191"}],"version-history":[{"count":45,"href":"https:\/\/hackthebread.com\/index.php\/wp-json\/wp\/v2\/pages\/1191\/revisions"}],"predecessor-version":[{"id":2209,"href":"https:\/\/hackthebread.com\/index.php\/wp-json\/wp\/v2\/pages\/1191\/revisions\/2209"}],"wp:attachment":[{"href":"https:\/\/hackthebread.com\/index.php\/wp-json\/wp\/v2\/media?parent=1191"}],"curies":[{"name":"wp","href":"https:\/\/api.w.org\/{rel}","templated":true}]}}